{"id":11814,"date":"2019-04-01T19:06:25","date_gmt":"2019-04-01T16:06:25","guid":{"rendered":"https:\/\/mymontenegro.club\/product\/mini-montenegro-private-tour"},"modified":"2026-02-21T23:37:59","modified_gmt":"2026-02-21T20:37:59","slug":"mini-montenegro-private-tour","status":"publish","type":"product","link":"https:\/\/mymontenegro.club\/en\/tours\/mini-montenegro-private-tour","title":{"rendered":"Mini Montenegro Private Tour"},"content":{"rendered":"<h2 style=\"text-align: center;\"><span style=\"font-size: 24pt; color: #ff6600;\"><b>Mini Montenegro Tour<\/b><\/span><\/h2>\n<p style=\"text-align: center;\"><span style=\"font-size: 14pt;\"><strong>Car (1 \u2013 4 people) <span style=\"color: #ff6600;\">200 euros for everyone<\/span><br \/>\n<\/strong><\/span><\/p>\n<p style=\"text-align: center;\"><span style=\"font-size: 14pt;\"><strong>Cabriolet (1 \u2013 3 people)<\/strong> <strong><span style=\"color: #ff6600;\">250 euros for everyone<\/span><br \/>\n<\/strong><\/span><\/p>\n<p style=\"text-align: center;\"><span style=\"font-size: 14pt;\"><strong>Minivan (1 \u2013 6 people)<span style=\"color: #ff6600;\"> 240 euros for everyone<\/span><br \/>\n<\/strong><\/span><\/p>\n<p style=\"text-align: center;\"><span style=\"font-size: 14pt;\"><strong>Mercedes Vito minibus (7 people) <span style=\"color: #ff6600;\">430 euros for everyone<\/span><\/strong><\/span><\/p>\n<p>&nbsp;<\/p>\n<p style=\"text-align: justify;\">By booking this tour, you&#8217;ll witness majestic panoramas from Mount Lov\u0107en, delve into Montenegro&#8217;s history in ancient Cetinje, uncover the forgotten walls of Gorazda Fortress, and get acquainted with the vibrant traditions of Montenegrins. The Mini Montenegro tour promises a wealth of diverse experiences! As always, <strong>we&#8217;ll pick you up from your hotel<\/strong> and head straight to the Bay of Kotor coast to explore the beauty of this fantastic place!  <\/p>\n<p><img loading=\"lazy\" decoding=\"async\" class=\"aligncenter wp-image-9686 size-full\" src=\"https:\/\/mymontenegro.club\/wp-content\/uploads\/2019\/04\/%D0%9C%D0%B8%D0%BD%D0%B8-%D0%9C%D0%BE%D0%BD%D1%82%D0%B5%D0%BD%D0%B5%D0%B3%D1%80%D0%BE.jpg\" alt=\"Mini Montenegro Tour\" width=\"1800\" height=\"1440\"\/><\/p>\n<hr \/>\n<ul style=\"list-style-type: disc;\">\n<li>\n<h3><strong><span style=\"font-size: 18pt;\">Mini Montenegro: Panoramas of the Royal Road<\/span><\/strong><\/h3>\n<\/li>\n<\/ul>\n<p style=\"text-align: justify;\">Many more breathtaking panoramas await us, as our journey continues into the mountains along the Road of Kings. In ancient times, Kotor&#8217;s rulers traveled this mountain serpentine to Petar Njego\u0161&#8217;s palace for receptions. We owe them great gratitude for paving the way, as the views from the serpentine are truly royal! The Bay of Kotor fjord appears in all its majestic beauty from this height. You won&#8217;t see such a spectacle anywhere else in Montenegro!    <\/p>\n<p><img loading=\"lazy\" decoding=\"async\" class=\"aligncenter wp-image-6625 size-full\" src=\"https:\/\/mymontenegro.club\/wp-content\/uploads\/2019\/04\/%D0%AD%D0%BA%D1%81%D0%BA%D1%83%D1%80%D1%81%D0%B8%D1%8F-%D0%9C%D0%B8%D0%BD%D0%B8-%D0%9C%D0%BE%D0%BD%D1%82%D0%B5%D0%BD%D0%B5%D0%B3%D1%80%D0%BE00020.jpg\" alt=\"Mini Montenegro Tour\" width=\"1620\" height=\"1080\"\/><\/p>\n<hr \/>\n<ul>\n<li>\n<h3><strong><span style=\"font-size: 18pt;\">Mini Montenegro: Gorazda Fort<\/span><\/strong><\/h3>\n<\/li>\n<\/ul>\n<p style=\"text-align: justify;\">Gorazda Fort is a 19th-century Austro-Hungarian fortress built to protect Kotor. It has survived almost unchanged and still impresses with its massive walls, moats, and a rare rotating armored dome. During World War I, heavy artillery was stationed here, firing at positions on Mount Lov\u0107en. Today, the fortress is abandoned but accessible to visitors. From its walls, breathtaking views of Kotor Bay and Tivat open up. It&#8217;s an excellent place to feel the breath of history away from the tourist hustle.     <\/p>\n<p><img loading=\"lazy\" decoding=\"async\" class=\"aligncenter wp-image-9687 size-full\" src=\"https:\/\/mymontenegro.club\/wp-content\/uploads\/2019\/04\/%D0%93%D0%BE%D1%80%D0%B0%D0%B6%D0%B4%D0%B0-%D0%A4%D0%BE%D1%80%D1%82.jpg\" alt=\"Mini Montenegro Tour\" width=\"2322\" height=\"1618\"\/><\/p>\n<hr \/>\n<ul style=\"list-style-type: disc;\">\n<li>\n<h3><strong><span style=\"font-size: 18pt;\">Mini Montenegro: Mount Lov\u0107en and National Park<\/span><\/strong><\/h3>\n<\/li>\n<\/ul>\n<p style=\"text-align: justify;\">Next, our route leads to the famous Mount Lov\u0107en, to the peak of Jezerski Vrh (1657 m). Here, at cloud level, the mausoleum of the great poet and bishop Petar Njego\u0161 was built. And not without reason. The proud ruler wished to be buried on the summit of Mount Lov\u0107en. He desired to admire the beauty of Montenegro, dear to his heart, even after death. Interestingly, even during his lifetime, locals built a chapel on this spot. Later, it was replaced by the mausoleum.      <\/p>\n<p><img loading=\"lazy\" decoding=\"async\" class=\"aligncenter wp-image-6623 size-full\" src=\"https:\/\/mymontenegro.club\/wp-content\/uploads\/2019\/04\/%D0%AD%D0%BA%D1%81%D0%BA%D1%83%D1%80%D1%81%D0%B8%D1%8F-%D0%9C%D0%B8%D0%BD%D0%B8-%D0%9C%D0%BE%D0%BD%D1%82%D0%B5%D0%BD%D0%B5%D0%B3%D1%80%D0%BE00010.jpg\" alt=\"Montenegro Tours: Mini Montenegro\" width=\"1920\" height=\"1080\"\/><\/p>\n<hr \/>\n<ul style=\"list-style-type: disc;\">\n<li>\n<h3><strong><span style=\"font-size: 18pt;\">Quad Biking (optional)<\/span><\/strong><\/h3>\n<\/li>\n<\/ul>\n<p>To diversify the route and see previously unexplored parts of Lov\u0107en Park, you can add quad biking to the Mini Montenegro tour program. The route passes through dense deciduous forests, high mountain passes, and spacious rocky plateaus. Additionally, we&#8217;ll make several stops for a short photo session on one of Lov\u0107en Park&#8217;s peaks, offering magnificent panoramic views of Tivat Bay. The trail difficulty level is for beginners. So, you&#8217;ll easily manage, even if you&#8217;ve never ridden a quad bike. Duration: one and a half hours. Cost: 120 euros per quad bike.      <\/p>\n<p><img loading=\"lazy\" decoding=\"async\" class=\"aligncenter wp-image-6934 size-full\" src=\"https:\/\/mymontenegro.club\/wp-content\/uploads\/2019\/04\/IMG_6834-1.jpg\" alt=\"Lov\u0107en Quad Biking\" width=\"1280\" height=\"960\" srcset=\"https:\/\/mymontenegro.club\/wp-content\/uploads\/2019\/04\/IMG_6834-1.jpg 1280w, https:\/\/mymontenegro.club\/wp-content\/uploads\/2019\/04\/IMG_6834-1-600x450.jpg 600w, https:\/\/mymontenegro.club\/wp-content\/uploads\/2019\/04\/IMG_6834-1-300x225.jpg 300w, https:\/\/mymontenegro.club\/wp-content\/uploads\/2019\/04\/IMG_6834-1-1024x768.jpg 1024w, https:\/\/mymontenegro.club\/wp-content\/uploads\/2019\/04\/IMG_6834-1-768x576.jpg 768w\" sizes=\"auto, (max-width: 1280px) 100vw, 1280px\" \/><\/p>\n<hr \/>\n<ul>\n<li>\n<h3><span style=\"font-size: 18pt;\"><strong>Tobogganing (optional)<\/strong><\/span><\/h3>\n<\/li>\n<\/ul>\n<p>Another optional activity to diversify the classic route. On the southern slope of the Lov\u0107en National Park mountain range, there&#8217;s a cable car and a toboggan run. Tobogganing is a ride in a controlled cart on rails laid along the mountain slope. You can adjust your speed. The cart can always be slowed down to a minimum to take a photo or video of the beautiful panorama of the Bay of Kotor. It&#8217;s a super attraction, doesn&#8217;t take much time, and costs only 6 euros per person.     <\/p>\n<p><img loading=\"lazy\" decoding=\"async\" class=\"aligncenter size-full wp-image-6931\" src=\"https:\/\/mymontenegro.club\/wp-content\/uploads\/2019\/04\/maxresdefault-2.jpg\" alt=\"\" width=\"1280\" height=\"720\" srcset=\"https:\/\/mymontenegro.club\/wp-content\/uploads\/2019\/04\/maxresdefault-2.jpg 1280w, https:\/\/mymontenegro.club\/wp-content\/uploads\/2019\/04\/maxresdefault-2-600x338.jpg 600w, https:\/\/mymontenegro.club\/wp-content\/uploads\/2019\/04\/maxresdefault-2-300x169.jpg 300w, https:\/\/mymontenegro.club\/wp-content\/uploads\/2019\/04\/maxresdefault-2-1024x576.jpg 1024w, https:\/\/mymontenegro.club\/wp-content\/uploads\/2019\/04\/maxresdefault-2-768x432.jpg 768w\" sizes=\"auto, (max-width: 1280px) 100vw, 1280px\" \/><\/p>\n<hr \/>\n<ul>\n<li>\n<h3><strong><span style=\"font-size: 18pt;\">Mini Montenegro: Njegu\u0161i<\/span><\/strong><\/h3>\n<\/li>\n<\/ul>\n<p style=\"text-align: justify;\">Deep in the mountains lies the village of Njegu\u0161i, where we&#8217;ll taste the most delicious homemade prosciutto and cheeses in Montenegro. Why is this particular place the birthplace of Montenegrin meat? Because nature itself has created ideal conditions for making prosciutto here \u2013 a cool climate where mountain air mixes with sea air. This is what makes it special!   <\/p>\n<p><img loading=\"lazy\" decoding=\"async\" class=\"aligncenter wp-image-2325 size-large\" src=\"https:\/\/mymontenegro.club\/wp-content\/uploads\/2018\/10\/Njegusi-shutterstock_339849398-1024x681.jpg\" alt=\"Mini Montenegro\" width=\"748\" height=\"497\" srcset=\"https:\/\/mymontenegro.club\/wp-content\/uploads\/2018\/10\/Njegusi-shutterstock_339849398-1024x681.jpg 1024w, https:\/\/mymontenegro.club\/wp-content\/uploads\/2018\/10\/Njegusi-shutterstock_339849398-531x354.jpg 531w, https:\/\/mymontenegro.club\/wp-content\/uploads\/2018\/10\/Njegusi-shutterstock_339849398-180x120.jpg 180w, https:\/\/mymontenegro.club\/wp-content\/uploads\/2018\/10\/Njegusi-shutterstock_339849398-600x399.jpg 600w, https:\/\/mymontenegro.club\/wp-content\/uploads\/2018\/10\/Njegusi-shutterstock_339849398-300x200.jpg 300w, https:\/\/mymontenegro.club\/wp-content\/uploads\/2018\/10\/Njegusi-shutterstock_339849398-768x511.jpg 768w, https:\/\/mymontenegro.club\/wp-content\/uploads\/2018\/10\/Njegusi-shutterstock_339849398-320x213.jpg 320w, https:\/\/mymontenegro.club\/wp-content\/uploads\/2018\/10\/Njegusi-shutterstock_339849398-640x426.jpg 640w, https:\/\/mymontenegro.club\/wp-content\/uploads\/2018\/10\/Njegusi-shutterstock_339849398-360x240.jpg 360w, https:\/\/mymontenegro.club\/wp-content\/uploads\/2018\/10\/Njegusi-shutterstock_339849398-720x479.jpg 720w, https:\/\/mymontenegro.club\/wp-content\/uploads\/2018\/10\/Njegusi-shutterstock_339849398-1080x719.jpg 1080w, https:\/\/mymontenegro.club\/wp-content\/uploads\/2018\/10\/Njegusi-shutterstock_339849398-800x532.jpg 800w, https:\/\/mymontenegro.club\/wp-content\/uploads\/2018\/10\/Njegusi-shutterstock_339849398-1280x852.jpg 1280w, https:\/\/mymontenegro.club\/wp-content\/uploads\/2018\/10\/Njegusi-shutterstock_339849398.jpg 1939w\" sizes=\"auto, (max-width: 748px) 100vw, 748px\" \/><\/p>\n<p style=\"text-align: justify;\">You&#8217;ll not only taste local delicacies but also see how Njegu\u0161i prosciutto is made. It takes almost a whole year to achieve the best quality prosciutto! <\/p>\n<p><img loading=\"lazy\" decoding=\"async\" class=\"aligncenter wp-image-6620 size-full\" src=\"https:\/\/mymontenegro.club\/wp-content\/uploads\/2019\/04\/%D0%AD%D0%BA%D1%81%D0%BA%D1%83%D1%80%D1%81%D0%B8%D1%8F-%D0%9C%D0%B8%D0%BD%D0%B8-%D0%9C%D0%BE%D0%BD%D1%82%D0%B5%D0%BD%D0%B5%D0%B3%D1%80%D0%BE00005.jpg\" alt=\"Montenegro Tour: Mini Montenegro\" width=\"1919\" height=\"1080\"\/><\/p>\n<hr \/>\n<ul style=\"list-style-type: disc;\">\n<li>\n<h3><strong><span style=\"font-size: 18pt;\">Mini Montenegro: Cetinje<\/span><\/strong><\/h3>\n<\/li>\n<\/ul>\n<p style=\"text-align: justify;\">Our Mini Montenegro program includes a visit to the famous city of Cetinje<a href=\"https:\/\/mymontenegro.club\/cetinje\">,<\/a> also known as the museum city. It boasts a large number of attractions that will primarily interest religious people. These include the ancient Vlach Church, the city&#8217;s symbol \u2013 Cetinje Monastery, and the Church of the Nativity of the Theotokos on \u0106ipur.  <\/p>\n<p><img loading=\"lazy\" decoding=\"async\" class=\"size-large wp-image-2341 aligncenter\" src=\"https:\/\/mymontenegro.club\/wp-content\/uploads\/2018\/09\/cetinje-vlasova-church-1024x683.jpg\" alt=\"Vlach Church Cetinje\" width=\"748\" height=\"499\" srcset=\"https:\/\/mymontenegro.club\/wp-content\/uploads\/2018\/09\/cetinje-vlasova-church-1024x683.jpg 1024w, https:\/\/mymontenegro.club\/wp-content\/uploads\/2018\/09\/cetinje-vlasova-church-531x354.jpg 531w, https:\/\/mymontenegro.club\/wp-content\/uploads\/2018\/09\/cetinje-vlasova-church-180x120.jpg 180w, https:\/\/mymontenegro.club\/wp-content\/uploads\/2018\/09\/cetinje-vlasova-church-600x400.jpg 600w, https:\/\/mymontenegro.club\/wp-content\/uploads\/2018\/09\/cetinje-vlasova-church-300x200.jpg 300w, https:\/\/mymontenegro.club\/wp-content\/uploads\/2018\/09\/cetinje-vlasova-church-768x512.jpg 768w, https:\/\/mymontenegro.club\/wp-content\/uploads\/2018\/09\/cetinje-vlasova-church-320x213.jpg 320w, https:\/\/mymontenegro.club\/wp-content\/uploads\/2018\/09\/cetinje-vlasova-church-640x427.jpg 640w, https:\/\/mymontenegro.club\/wp-content\/uploads\/2018\/09\/cetinje-vlasova-church-360x240.jpg 360w, https:\/\/mymontenegro.club\/wp-content\/uploads\/2018\/09\/cetinje-vlasova-church-720x480.jpg 720w, https:\/\/mymontenegro.club\/wp-content\/uploads\/2018\/09\/cetinje-vlasova-church-1080x720.jpg 1080w, https:\/\/mymontenegro.club\/wp-content\/uploads\/2018\/09\/cetinje-vlasova-church-800x533.jpg 800w, https:\/\/mymontenegro.club\/wp-content\/uploads\/2018\/09\/cetinje-vlasova-church.jpg 1224w\" sizes=\"auto, (max-width: 748px) 100vw, 748px\" \/><\/p>\n<p style=\"text-align: justify;\">Additionally, this city has preserved many important historical buildings such as King Nikola&#8217;s Palace, the Blue Palace (the active residence of the President of Montenegro), Biljarda Palace, art galleries, and much more. You&#8217;ll immerse yourself in Montenegro&#8217;s cultural past and present. <\/p>\n<p><img loading=\"lazy\" decoding=\"async\" class=\"size-large wp-image-2215 aligncenter\" src=\"https:\/\/mymontenegro.club\/wp-content\/uploads\/2018\/07\/cetinje_1-1024x768.jpg\" alt=\"cetinje monastery tour\" width=\"748\" height=\"561\" srcset=\"https:\/\/mymontenegro.club\/wp-content\/uploads\/2018\/07\/cetinje_1-1024x768.jpg 1024w, https:\/\/mymontenegro.club\/wp-content\/uploads\/2018\/07\/cetinje_1-600x450.jpg 600w, https:\/\/mymontenegro.club\/wp-content\/uploads\/2018\/07\/cetinje_1-300x225.jpg 300w, https:\/\/mymontenegro.club\/wp-content\/uploads\/2018\/07\/cetinje_1-768x576.jpg 768w, https:\/\/mymontenegro.club\/wp-content\/uploads\/2018\/07\/cetinje_1-320x240.jpg 320w, https:\/\/mymontenegro.club\/wp-content\/uploads\/2018\/07\/cetinje_1-640x480.jpg 640w, https:\/\/mymontenegro.club\/wp-content\/uploads\/2018\/07\/cetinje_1-360x270.jpg 360w, https:\/\/mymontenegro.club\/wp-content\/uploads\/2018\/07\/cetinje_1-720x540.jpg 720w, https:\/\/mymontenegro.club\/wp-content\/uploads\/2018\/07\/cetinje_1-1080x810.jpg 1080w, https:\/\/mymontenegro.club\/wp-content\/uploads\/2018\/07\/cetinje_1-800x600.jpg 800w, https:\/\/mymontenegro.club\/wp-content\/uploads\/2018\/07\/cetinje_1-1280x960.jpg 1280w, https:\/\/mymontenegro.club\/wp-content\/uploads\/2018\/07\/cetinje_1.jpg 1749w\" sizes=\"auto, (max-width: 748px) 100vw, 748px\" \/><\/p>\n<p style=\"text-align: justify;\"><strong>Our short journey will introduce you to the unique atmosphere of Montenegro&#8217;s mountainous coast. You&#8217;ll learn more about the Montenegrin mentality, culture, and traditions of the mountain region. Book the <span style=\"text-decoration: underline;\">Mini Montenegro tour<\/span> and get the most out of your experience!  <\/strong><\/p>\n","protected":false},"excerpt":{"rendered":"<p>Get to know Montenegro&#8217;s history and culture better. Mini sightseeing tour <\/p>\n","protected":false},"featured_media":10205,"comment_status":"open","ping_status":"closed","template":"","meta":{"_exactmetrics_skip_tracking":false,"_exactmetrics_sitenote_active":false,"_exactmetrics_sitenote_note":"","_exactmetrics_sitenote_category":0},"product_brand":[],"product_cat":[3256],"product_tag":[],"class_list":{"0":"post-11814","1":"product","2":"type-product","3":"status-publish","4":"has-post-thumbnail","6":"product_cat-private-tours-in-montenegro","7":"tour_category-half-day","8":"tour_category-private-tours-in-montenegro","9":"tour_category-tours-from-bar","10":"tour_category-tours-from-budva","11":"tour_category-tours-from-kotor","12":"tour_category-tours-from-petrovac","13":"tour_category-tours-from-tivat","14":"tour_category-tours-from-ulcinj","16":"first","17":"instock","18":"sold-individually","19":"shipping-taxable","20":"purchasable","21":"product-type-tour"},"yoast_head":"<!-- This site is optimized with the Yoast SEO plugin v25.8 - https:\/\/yoast.com\/wordpress\/plugins\/seo\/ -->\n<title>Mini Montenegro Private Tour<\/title>\n<meta name=\"description\" content=\"A special tour from Kotor! Lov\u0107en, Njegu\u0161i, and Cetinje. Discover more about Montenegro&#039;s history and culture! Book your Mini Montenegro tour!\" \/>\n<meta name=\"robots\" content=\"index, follow, max-snippet:-1, max-image-preview:large, max-video-preview:-1\" \/>\n<link rel=\"canonical\" href=\"https:\/\/mymontenegro.club\/en\/tours\/mini-montenegro-private-tour\" \/>\n<meta name=\"twitter:label1\" content=\"Est. reading time\" \/>\n\t<meta name=\"twitter:data1\" content=\"4 minutes\" \/>\n<script type=\"application\/ld+json\" class=\"yoast-schema-graph\">{\"@context\":\"https:\/\/schema.org\",\"@graph\":[{\"@type\":\"WebPage\",\"@id\":\"https:\/\/mymontenegro.club\/en\/tours\/mini-montenegro-private-tour\",\"url\":\"https:\/\/mymontenegro.club\/en\/tours\/mini-montenegro-private-tour\",\"name\":\"Mini Montenegro Private Tour\",\"isPartOf\":{\"@id\":\"https:\/\/mymontenegro.club\/en#website\"},\"primaryImageOfPage\":{\"@id\":\"https:\/\/mymontenegro.club\/en\/tours\/mini-montenegro-private-tour#primaryimage\"},\"image\":{\"@id\":\"https:\/\/mymontenegro.club\/en\/tours\/mini-montenegro-private-tour#primaryimage\"},\"thumbnailUrl\":\"https:\/\/mymontenegro.club\/wp-content\/uploads\/2018\/12\/lovcen2.jpg\",\"datePublished\":\"2019-04-01T16:06:25+00:00\",\"dateModified\":\"2026-02-21T20:37:59+00:00\",\"description\":\"A special tour from Kotor! Lov\u0107en, Njegu\u0161i, and Cetinje. Discover more about Montenegro's history and culture! Book your Mini Montenegro tour!\",\"breadcrumb\":{\"@id\":\"https:\/\/mymontenegro.club\/en\/tours\/mini-montenegro-private-tour#breadcrumb\"},\"inLanguage\":\"en-US\",\"potentialAction\":[{\"@type\":\"ReadAction\",\"target\":[\"https:\/\/mymontenegro.club\/en\/tours\/mini-montenegro-private-tour\"]}]},{\"@type\":\"ImageObject\",\"inLanguage\":\"en-US\",\"@id\":\"https:\/\/mymontenegro.club\/en\/tours\/mini-montenegro-private-tour#primaryimage\",\"url\":\"https:\/\/mymontenegro.club\/wp-content\/uploads\/2018\/12\/lovcen2.jpg\",\"contentUrl\":\"https:\/\/mymontenegro.club\/wp-content\/uploads\/2018\/12\/lovcen2.jpg\",\"width\":612,\"height\":407,\"caption\":\"lovcen_private_tour\"},{\"@type\":\"BreadcrumbList\",\"@id\":\"https:\/\/mymontenegro.club\/en\/tours\/mini-montenegro-private-tour#breadcrumb\",\"itemListElement\":[{\"@type\":\"ListItem\",\"position\":1,\"name\":\"\u0413\u043b\u0430\u0432\u043d\u0430\u044f \u0441\u0442\u0440\u0430\u043d\u0438\u0446\u0430\",\"item\":\"https:\/\/mymontenegro.club\/en\"},{\"@type\":\"ListItem\",\"position\":2,\"name\":\"Shop\",\"item\":\"https:\/\/mymontenegro.club\/en\/shop\"},{\"@type\":\"ListItem\",\"position\":3,\"name\":\"Mini Montenegro Private Tour\"}]},{\"@type\":\"WebSite\",\"@id\":\"https:\/\/mymontenegro.club\/en#website\",\"url\":\"https:\/\/mymontenegro.club\/en\",\"name\":\"\u041a\u0440\u0443\u0442\u044b\u0435 \u0438\u043d\u0434\u0438\u0432\u0438\u0434\u0443\u0430\u043b\u044c\u043d\u044b\u0435 \u044d\u043a\u0441\u043a\u0443\u0440\u0441\u0438\u0438 \u043f\u043e \u0427\u0435\u0440\u043d\u043e\u0433\u043e\u0440\u0438\u0438\",\"description\":\"Private Tours in Montenegro\",\"publisher\":{\"@id\":\"https:\/\/mymontenegro.club\/en#organization\"},\"potentialAction\":[{\"@type\":\"SearchAction\",\"target\":{\"@type\":\"EntryPoint\",\"urlTemplate\":\"https:\/\/mymontenegro.club\/en?s={search_term_string}\"},\"query-input\":{\"@type\":\"PropertyValueSpecification\",\"valueRequired\":true,\"valueName\":\"search_term_string\"}}],\"inLanguage\":\"en-US\"},{\"@type\":\"Organization\",\"@id\":\"https:\/\/mymontenegro.club\/en#organization\",\"name\":\"My Montenegro Club\",\"url\":\"https:\/\/mymontenegro.club\/en\",\"logo\":{\"@type\":\"ImageObject\",\"inLanguage\":\"en-US\",\"@id\":\"https:\/\/mymontenegro.club\/en#\/schema\/logo\/image\/\",\"url\":\"https:\/\/mymontenegro.club\/wp-content\/uploads\/2018\/10\/Adobe_20181005_150327.png\",\"contentUrl\":\"https:\/\/mymontenegro.club\/wp-content\/uploads\/2018\/10\/Adobe_20181005_150327.png\",\"width\":2805,\"height\":1373,\"caption\":\"My Montenegro Club\"},\"image\":{\"@id\":\"https:\/\/mymontenegro.club\/en#\/schema\/logo\/image\/\"},\"sameAs\":[\"https:\/\/www.instagram.com\/my_montenegro_club\/\"]}]}<\/script>\n<!-- \/ Yoast SEO plugin. -->","yoast_head_json":{"title":"Mini Montenegro Private Tour","description":"A special tour from Kotor! Lov\u0107en, Njegu\u0161i, and Cetinje. Discover more about Montenegro's history and culture! Book your Mini Montenegro tour!","robots":{"index":"index","follow":"follow","max-snippet":"max-snippet:-1","max-image-preview":"max-image-preview:large","max-video-preview":"max-video-preview:-1"},"canonical":"https:\/\/mymontenegro.club\/en\/tours\/mini-montenegro-private-tour","twitter_misc":{"Est. reading time":"4 minutes"},"schema":{"@context":"https:\/\/schema.org","@graph":[{"@type":"WebPage","@id":"https:\/\/mymontenegro.club\/en\/tours\/mini-montenegro-private-tour","url":"https:\/\/mymontenegro.club\/en\/tours\/mini-montenegro-private-tour","name":"Mini Montenegro Private Tour","isPartOf":{"@id":"https:\/\/mymontenegro.club\/en#website"},"primaryImageOfPage":{"@id":"https:\/\/mymontenegro.club\/en\/tours\/mini-montenegro-private-tour#primaryimage"},"image":{"@id":"https:\/\/mymontenegro.club\/en\/tours\/mini-montenegro-private-tour#primaryimage"},"thumbnailUrl":"https:\/\/mymontenegro.club\/wp-content\/uploads\/2018\/12\/lovcen2.jpg","datePublished":"2019-04-01T16:06:25+00:00","dateModified":"2026-02-21T20:37:59+00:00","description":"A special tour from Kotor! Lov\u0107en, Njegu\u0161i, and Cetinje. Discover more about Montenegro's history and culture! Book your Mini Montenegro tour!","breadcrumb":{"@id":"https:\/\/mymontenegro.club\/en\/tours\/mini-montenegro-private-tour#breadcrumb"},"inLanguage":"en-US","potentialAction":[{"@type":"ReadAction","target":["https:\/\/mymontenegro.club\/en\/tours\/mini-montenegro-private-tour"]}]},{"@type":"ImageObject","inLanguage":"en-US","@id":"https:\/\/mymontenegro.club\/en\/tours\/mini-montenegro-private-tour#primaryimage","url":"https:\/\/mymontenegro.club\/wp-content\/uploads\/2018\/12\/lovcen2.jpg","contentUrl":"https:\/\/mymontenegro.club\/wp-content\/uploads\/2018\/12\/lovcen2.jpg","width":612,"height":407,"caption":"lovcen_private_tour"},{"@type":"BreadcrumbList","@id":"https:\/\/mymontenegro.club\/en\/tours\/mini-montenegro-private-tour#breadcrumb","itemListElement":[{"@type":"ListItem","position":1,"name":"\u0413\u043b\u0430\u0432\u043d\u0430\u044f \u0441\u0442\u0440\u0430\u043d\u0438\u0446\u0430","item":"https:\/\/mymontenegro.club\/en"},{"@type":"ListItem","position":2,"name":"Shop","item":"https:\/\/mymontenegro.club\/en\/shop"},{"@type":"ListItem","position":3,"name":"Mini Montenegro Private Tour"}]},{"@type":"WebSite","@id":"https:\/\/mymontenegro.club\/en#website","url":"https:\/\/mymontenegro.club\/en","name":"\u041a\u0440\u0443\u0442\u044b\u0435 \u0438\u043d\u0434\u0438\u0432\u0438\u0434\u0443\u0430\u043b\u044c\u043d\u044b\u0435 \u044d\u043a\u0441\u043a\u0443\u0440\u0441\u0438\u0438 \u043f\u043e \u0427\u0435\u0440\u043d\u043e\u0433\u043e\u0440\u0438\u0438","description":"Private Tours in Montenegro","publisher":{"@id":"https:\/\/mymontenegro.club\/en#organization"},"potentialAction":[{"@type":"SearchAction","target":{"@type":"EntryPoint","urlTemplate":"https:\/\/mymontenegro.club\/en?s={search_term_string}"},"query-input":{"@type":"PropertyValueSpecification","valueRequired":true,"valueName":"search_term_string"}}],"inLanguage":"en-US"},{"@type":"Organization","@id":"https:\/\/mymontenegro.club\/en#organization","name":"My Montenegro Club","url":"https:\/\/mymontenegro.club\/en","logo":{"@type":"ImageObject","inLanguage":"en-US","@id":"https:\/\/mymontenegro.club\/en#\/schema\/logo\/image\/","url":"https:\/\/mymontenegro.club\/wp-content\/uploads\/2018\/10\/Adobe_20181005_150327.png","contentUrl":"https:\/\/mymontenegro.club\/wp-content\/uploads\/2018\/10\/Adobe_20181005_150327.png","width":2805,"height":1373,"caption":"My Montenegro Club"},"image":{"@id":"https:\/\/mymontenegro.club\/en#\/schema\/logo\/image\/"},"sameAs":["https:\/\/www.instagram.com\/my_montenegro_club\/"]}]}},"_links":{"self":[{"href":"https:\/\/mymontenegro.club\/en\/wp-json\/wp\/v2\/product\/11814","targetHints":{"allow":["GET"]}}],"collection":[{"href":"https:\/\/mymontenegro.club\/en\/wp-json\/wp\/v2\/product"}],"about":[{"href":"https:\/\/mymontenegro.club\/en\/wp-json\/wp\/v2\/types\/product"}],"replies":[{"embeddable":true,"href":"https:\/\/mymontenegro.club\/en\/wp-json\/wp\/v2\/comments?post=11814"}],"wp:featuredmedia":[{"embeddable":true,"href":"https:\/\/mymontenegro.club\/en\/wp-json\/wp\/v2\/media\/10205"}],"wp:attachment":[{"href":"https:\/\/mymontenegro.club\/en\/wp-json\/wp\/v2\/media?parent=11814"}],"wp:term":[{"taxonomy":"product_brand","embeddable":true,"href":"https:\/\/mymontenegro.club\/en\/wp-json\/wp\/v2\/product_brand?post=11814"},{"taxonomy":"product_cat","embeddable":true,"href":"https:\/\/mymontenegro.club\/en\/wp-json\/wp\/v2\/product_cat?post=11814"},{"taxonomy":"product_tag","embeddable":true,"href":"https:\/\/mymontenegro.club\/en\/wp-json\/wp\/v2\/product_tag?post=11814"}],"curies":[{"name":"wp","href":"https:\/\/api.w.org\/{rel}","templated":true}]}}